{"id":16,"date":"2023-04-04T18:17:18","date_gmt":"2023-04-04T18:17:18","guid":{"rendered":"https:\/\/casaldomingo.com\/?page_id=16"},"modified":"2026-02-18T14:17:23","modified_gmt":"2026-02-18T14:17:23","slug":"accueil","status":"publish","type":"page","link":"https:\/\/casaldomingo.com\/en\/","title":{"rendered":"Accueil"},"content":{"rendered":"","protected":false},"excerpt":{"rendered":"<p>D\u00e9couvrez Casal Domingo<\/p>\n<p>Plongez dans l&rsquo;univers festif de Casal Domingo, o\u00f9 nos m\u00e9langes rafra\u00eechissants de vin d\u00e9salcoolis\u00e9, de jus et de soda vous transportent vers les tropiques. Avec nos trois saveurs uniques \u2013 \u00c9clat de baies, P\u00eache Passion et Explosion Tropicale \u2013 chaque canette ne contient que quelques calories. Certifi\u00e9es biologiques, v\u00e9g\u00e9taliennes et sans gluten, nos boissons sont parfaites pour une aventure gustative l\u00e9g\u00e8re. Trouvez Casal Domingo dans votre d\u00e9panneur ou \u00e9picerie locale d\u00e8s aujourd&rsquo;hui!<\/p>","protected":false},"author":1,"featured_media":1020,"parent":0,"menu_order":0,"comment_status":"closed","ping_status":"closed","template":"","meta":{"footnotes":""},"class_list":["post-16","page","type-page","status-publish","has-post-thumbnail","hentry"],"yoast_head":"<!-- This site is optimized with the Yoast SEO plugin v27.3 - https:\/\/yoast.com\/product\/yoast-seo-wordpress\/ -->\n<title>Boissons d\u00e9salcoolis\u00e9es - Casal Domingo<\/title>\n<meta name=\"description\" content=\"D\u00e9couvrez Casal Domingo, des boissons d\u00e9salcoolis\u00e9es rafra\u00eechissantes et biologiques. Plongez dans des saveurs tropicales uniques et profitez d&#039;une aventure gustative l\u00e9g\u00e8re. Trouvez-nous dans votre \u00e9picerie locale !\" \/>\n<meta name=\"robots\" content=\"index, follow, max-snippet:-1, max-image-preview:large, max-video-preview:-1\" \/>\n<link rel=\"canonical\" href=\"https:\/\/casaldomingo.com\/en\/\" \/>\n<meta property=\"og:locale\" content=\"en_US\" \/>\n<meta property=\"og:type\" content=\"article\" \/>\n<meta property=\"og:title\" content=\"Boissons d\u00e9salcoolis\u00e9es - Casal Domingo\" \/>\n<meta property=\"og:description\" content=\"D\u00e9couvrez Casal Domingo, des boissons d\u00e9salcoolis\u00e9es rafra\u00eechissantes et biologiques. Plongez dans des saveurs tropicales uniques et profitez d&#039;une aventure gustative l\u00e9g\u00e8re. Trouvez-nous dans votre \u00e9picerie locale !\" \/>\n<meta property=\"og:url\" content=\"https:\/\/casaldomingo.com\/en\/\" \/>\n<meta property=\"og:site_name\" content=\"Casal Domingo\" \/>\n<meta property=\"article:publisher\" content=\"https:\/\/www.facebook.com\/CasalDomingo\" \/>\n<meta property=\"article:modified_time\" content=\"2026-02-18T14:17:23+00:00\" \/>\n<meta property=\"og:image\" content=\"https:\/\/casaldomingo.com\/wp-content\/uploads\/2023\/04\/cooler.png\" \/>\n\t<meta property=\"og:image:width\" content=\"1920\" \/>\n\t<meta property=\"og:image:height\" content=\"1063\" \/>\n\t<meta property=\"og:image:type\" content=\"image\/png\" \/>\n<meta name=\"twitter:card\" content=\"summary_large_image\" \/>\n<meta name=\"twitter:label1\" content=\"Est. reading time\" \/>\n\t<meta name=\"twitter:data1\" content=\"1 minute\" \/>\n<script type=\"application\/ld+json\" class=\"yoast-schema-graph\">{\"@context\":\"https:\\\/\\\/schema.org\",\"@graph\":[{\"@type\":\"WebPage\",\"@id\":\"https:\\\/\\\/casaldomingo.com\\\/\",\"url\":\"https:\\\/\\\/casaldomingo.com\\\/\",\"name\":\"Boissons d\u00e9salcoolis\u00e9es - Casal Domingo\",\"isPartOf\":{\"@id\":\"https:\\\/\\\/casaldomingo.com\\\/#website\"},\"primaryImageOfPage\":{\"@id\":\"https:\\\/\\\/casaldomingo.com\\\/#primaryimage\"},\"image\":{\"@id\":\"https:\\\/\\\/casaldomingo.com\\\/#primaryimage\"},\"thumbnailUrl\":\"https:\\\/\\\/casaldomingo.com\\\/wp-content\\\/uploads\\\/2023\\\/04\\\/cooler.png\",\"datePublished\":\"2023-04-04T18:17:18+00:00\",\"dateModified\":\"2026-02-18T14:17:23+00:00\",\"description\":\"D\u00e9couvrez Casal Domingo, des boissons d\u00e9salcoolis\u00e9es rafra\u00eechissantes et biologiques. Plongez dans des saveurs tropicales uniques et profitez d'une aventure gustative l\u00e9g\u00e8re. Trouvez-nous dans votre \u00e9picerie locale !\",\"breadcrumb\":{\"@id\":\"https:\\\/\\\/casaldomingo.com\\\/#breadcrumb\"},\"inLanguage\":\"en-CA\",\"potentialAction\":[{\"@type\":\"ReadAction\",\"target\":[\"https:\\\/\\\/casaldomingo.com\\\/\"]}]},{\"@type\":\"ImageObject\",\"inLanguage\":\"en-CA\",\"@id\":\"https:\\\/\\\/casaldomingo.com\\\/#primaryimage\",\"url\":\"https:\\\/\\\/casaldomingo.com\\\/wp-content\\\/uploads\\\/2023\\\/04\\\/cooler.png\",\"contentUrl\":\"https:\\\/\\\/casaldomingo.com\\\/wp-content\\\/uploads\\\/2023\\\/04\\\/cooler.png\",\"width\":1920,\"height\":1063},{\"@type\":\"BreadcrumbList\",\"@id\":\"https:\\\/\\\/casaldomingo.com\\\/#breadcrumb\",\"itemListElement\":[{\"@type\":\"ListItem\",\"position\":1,\"name\":\"Accueil\",\"item\":\"https:\\\/\\\/casaldomingo.com\\\/\"},{\"@type\":\"ListItem\",\"position\":2,\"name\":\"Accueil\"}]},{\"@type\":\"WebSite\",\"@id\":\"https:\\\/\\\/casaldomingo.com\\\/#website\",\"url\":\"https:\\\/\\\/casaldomingo.com\\\/\",\"name\":\"Casal Domingo\",\"description\":\"Pr&ecirc;ts pour l'aventure?\",\"publisher\":{\"@id\":\"https:\\\/\\\/casaldomingo.com\\\/#organization\"},\"potentialAction\":[{\"@type\":\"SearchAction\",\"target\":{\"@type\":\"EntryPoint\",\"urlTemplate\":\"https:\\\/\\\/casaldomingo.com\\\/?s={search_term_string}\"},\"query-input\":{\"@type\":\"PropertyValueSpecification\",\"valueRequired\":true,\"valueName\":\"search_term_string\"}}],\"inLanguage\":\"en-CA\"},{\"@type\":\"Organization\",\"@id\":\"https:\\\/\\\/casaldomingo.com\\\/#organization\",\"name\":\"Casal Domingo\",\"url\":\"https:\\\/\\\/casaldomingo.com\\\/\",\"logo\":{\"@type\":\"ImageObject\",\"inLanguage\":\"en-CA\",\"@id\":\"https:\\\/\\\/casaldomingo.com\\\/#\\\/schema\\\/logo\\\/image\\\/\",\"url\":\"https:\\\/\\\/casaldomingo.com\\\/wp-content\\\/uploads\\\/2023\\\/04\\\/Logo_Casa_Domingo-1.png\",\"contentUrl\":\"https:\\\/\\\/casaldomingo.com\\\/wp-content\\\/uploads\\\/2023\\\/04\\\/Logo_Casa_Domingo-1.png\",\"width\":1920,\"height\":489,\"caption\":\"Casal Domingo\"},\"image\":{\"@id\":\"https:\\\/\\\/casaldomingo.com\\\/#\\\/schema\\\/logo\\\/image\\\/\"},\"sameAs\":[\"https:\\\/\\\/www.facebook.com\\\/CasalDomingo\",\"https:\\\/\\\/www.instagram.com\\\/casaldomingo\\\/?hl=fr\"]}]}<\/script>\n<!-- \/ Yoast SEO plugin. -->","yoast_head_json":{"title":"Boissons d\u00e9salcoolis\u00e9es - Casal Domingo","description":"D\u00e9couvrez Casal Domingo, des boissons d\u00e9salcoolis\u00e9es rafra\u00eechissantes et biologiques. Plongez dans des saveurs tropicales uniques et profitez d'une aventure gustative l\u00e9g\u00e8re. Trouvez-nous dans votre \u00e9picerie locale !","robots":{"index":"index","follow":"follow","max-snippet":"max-snippet:-1","max-image-preview":"max-image-preview:large","max-video-preview":"max-video-preview:-1"},"canonical":"https:\/\/casaldomingo.com\/en\/","og_locale":"en_US","og_type":"article","og_title":"Boissons d\u00e9salcoolis\u00e9es - Casal Domingo","og_description":"D\u00e9couvrez Casal Domingo, des boissons d\u00e9salcoolis\u00e9es rafra\u00eechissantes et biologiques. Plongez dans des saveurs tropicales uniques et profitez d'une aventure gustative l\u00e9g\u00e8re. Trouvez-nous dans votre \u00e9picerie locale !","og_url":"https:\/\/casaldomingo.com\/en\/","og_site_name":"Casal Domingo","article_publisher":"https:\/\/www.facebook.com\/CasalDomingo","article_modified_time":"2026-02-18T14:17:23+00:00","og_image":[{"width":1920,"height":1063,"url":"https:\/\/casaldomingo.com\/wp-content\/uploads\/2023\/04\/cooler.png","type":"image\/png"}],"twitter_card":"summary_large_image","twitter_misc":{"Est. reading time":"1 minute"},"schema":{"@context":"https:\/\/schema.org","@graph":[{"@type":"WebPage","@id":"https:\/\/casaldomingo.com\/","url":"https:\/\/casaldomingo.com\/","name":"Boissons d\u00e9salcoolis\u00e9es - Casal Domingo","isPartOf":{"@id":"https:\/\/casaldomingo.com\/#website"},"primaryImageOfPage":{"@id":"https:\/\/casaldomingo.com\/#primaryimage"},"image":{"@id":"https:\/\/casaldomingo.com\/#primaryimage"},"thumbnailUrl":"https:\/\/casaldomingo.com\/wp-content\/uploads\/2023\/04\/cooler.png","datePublished":"2023-04-04T18:17:18+00:00","dateModified":"2026-02-18T14:17:23+00:00","description":"D\u00e9couvrez Casal Domingo, des boissons d\u00e9salcoolis\u00e9es rafra\u00eechissantes et biologiques. Plongez dans des saveurs tropicales uniques et profitez d'une aventure gustative l\u00e9g\u00e8re. Trouvez-nous dans votre \u00e9picerie locale !","breadcrumb":{"@id":"https:\/\/casaldomingo.com\/#breadcrumb"},"inLanguage":"en-CA","potentialAction":[{"@type":"ReadAction","target":["https:\/\/casaldomingo.com\/"]}]},{"@type":"ImageObject","inLanguage":"en-CA","@id":"https:\/\/casaldomingo.com\/#primaryimage","url":"https:\/\/casaldomingo.com\/wp-content\/uploads\/2023\/04\/cooler.png","contentUrl":"https:\/\/casaldomingo.com\/wp-content\/uploads\/2023\/04\/cooler.png","width":1920,"height":1063},{"@type":"BreadcrumbList","@id":"https:\/\/casaldomingo.com\/#breadcrumb","itemListElement":[{"@type":"ListItem","position":1,"name":"Accueil","item":"https:\/\/casaldomingo.com\/"},{"@type":"ListItem","position":2,"name":"Accueil"}]},{"@type":"WebSite","@id":"https:\/\/casaldomingo.com\/#website","url":"https:\/\/casaldomingo.com\/","name":"Casal Domingo","description":"Pr&ecirc;ts pour l'aventure?","publisher":{"@id":"https:\/\/casaldomingo.com\/#organization"},"potentialAction":[{"@type":"SearchAction","target":{"@type":"EntryPoint","urlTemplate":"https:\/\/casaldomingo.com\/?s={search_term_string}"},"query-input":{"@type":"PropertyValueSpecification","valueRequired":true,"valueName":"search_term_string"}}],"inLanguage":"en-CA"},{"@type":"Organization","@id":"https:\/\/casaldomingo.com\/#organization","name":"Casal Domingo","url":"https:\/\/casaldomingo.com\/","logo":{"@type":"ImageObject","inLanguage":"en-CA","@id":"https:\/\/casaldomingo.com\/#\/schema\/logo\/image\/","url":"https:\/\/casaldomingo.com\/wp-content\/uploads\/2023\/04\/Logo_Casa_Domingo-1.png","contentUrl":"https:\/\/casaldomingo.com\/wp-content\/uploads\/2023\/04\/Logo_Casa_Domingo-1.png","width":1920,"height":489,"caption":"Casal Domingo"},"image":{"@id":"https:\/\/casaldomingo.com\/#\/schema\/logo\/image\/"},"sameAs":["https:\/\/www.facebook.com\/CasalDomingo","https:\/\/www.instagram.com\/casaldomingo\/?hl=fr"]}]}},"_links":{"self":[{"href":"https:\/\/casaldomingo.com\/en\/wp-json\/wp\/v2\/pages\/16","targetHints":{"allow":["GET"]}}],"collection":[{"href":"https:\/\/casaldomingo.com\/en\/wp-json\/wp\/v2\/pages"}],"about":[{"href":"https:\/\/casaldomingo.com\/en\/wp-json\/wp\/v2\/types\/page"}],"author":[{"embeddable":true,"href":"https:\/\/casaldomingo.com\/en\/wp-json\/wp\/v2\/users\/1"}],"replies":[{"embeddable":true,"href":"https:\/\/casaldomingo.com\/en\/wp-json\/wp\/v2\/comments?post=16"}],"version-history":[{"count":3,"href":"https:\/\/casaldomingo.com\/en\/wp-json\/wp\/v2\/pages\/16\/revisions"}],"predecessor-version":[{"id":1148,"href":"https:\/\/casaldomingo.com\/en\/wp-json\/wp\/v2\/pages\/16\/revisions\/1148"}],"wp:featuredmedia":[{"embeddable":true,"href":"https:\/\/casaldomingo.com\/en\/wp-json\/wp\/v2\/media\/1020"}],"wp:attachment":[{"href":"https:\/\/casaldomingo.com\/en\/wp-json\/wp\/v2\/media?parent=16"}],"curies":[{"name":"wp","href":"https:\/\/api.w.org\/{rel}","templated":true}]}}